{"id":63,"date":"2022-03-24T14:43:53","date_gmt":"2022-03-24T13:43:53","guid":{"rendered":"https:\/\/demos.famethemes.com\/wellness-pro\/?page_id=63"},"modified":"2024-10-02T12:36:14","modified_gmt":"2024-10-02T10:36:14","slug":"arbeitsplatz-malen","status":"publish","type":"page","link":"https:\/\/fr.bookilety.com\/?page_id=63","title":{"rendered":"La premi\u00e8re \u00e9bauche d\u00e9taill\u00e9e d&#8217;une page &#8211; il ne reste plus qu&#8217;\u00e0 digitaliser!"},"content":{"rendered":"\n\n\n<p><\/p>\n","protected":false},"excerpt":{"rendered":"","protected":false},"author":1,"featured_media":298,"parent":14,"menu_order":5,"comment_status":"closed","ping_status":"closed","template":"","meta":{"footnotes":""},"tags":[],"class_list":["post-63","page","type-page","status-publish","has-post-thumbnail","hentry"],"jetpack_sharing_enabled":true,"_links":{"self":[{"href":"https:\/\/fr.bookilety.com\/index.php?rest_route=\/wp\/v2\/pages\/63","targetHints":{"allow":["GET"]}}],"collection":[{"href":"https:\/\/fr.bookilety.com\/index.php?rest_route=\/wp\/v2\/pages"}],"about":[{"href":"https:\/\/fr.bookilety.com\/index.php?rest_route=\/wp\/v2\/types\/page"}],"author":[{"embeddable":true,"href":"https:\/\/fr.bookilety.com\/index.php?rest_route=\/wp\/v2\/users\/1"}],"replies":[{"embeddable":true,"href":"https:\/\/fr.bookilety.com\/index.php?rest_route=%2Fwp%2Fv2%2Fcomments&post=63"}],"version-history":[{"count":4,"href":"https:\/\/fr.bookilety.com\/index.php?rest_route=\/wp\/v2\/pages\/63\/revisions"}],"predecessor-version":[{"id":472,"href":"https:\/\/fr.bookilety.com\/index.php?rest_route=\/wp\/v2\/pages\/63\/revisions\/472"}],"up":[{"embeddable":true,"href":"https:\/\/fr.bookilety.com\/index.php?rest_route=\/wp\/v2\/pages\/14"}],"wp:featuredmedia":[{"embeddable":true,"href":"https:\/\/fr.bookilety.com\/index.php?rest_route=\/wp\/v2\/media\/298"}],"wp:attachment":[{"href":"https:\/\/fr.bookilety.com\/index.php?rest_route=%2Fwp%2Fv2%2Fmedia&parent=63"}],"wp:term":[{"taxonomy":"post_tag","embeddable":true,"href":"https:\/\/fr.bookilety.com\/index.php?rest_route=%2Fwp%2Fv2%2Ftags&post=63"}],"curies":[{"name":"wp","href":"https:\/\/api.w.org\/{rel}","templated":true}]}}