{"id":76,"date":"2016-06-04T14:54:41","date_gmt":"2016-06-04T14:54:41","guid":{"rendered":"https:\/\/demos.famethemes.com\/wellness-pro\/?page_id=76"},"modified":"2024-10-02T12:27:23","modified_gmt":"2024-10-02T10:27:23","slug":"luiza-clacher","status":"publish","type":"page","link":"https:\/\/fr.bookilety.com\/?page_id=76","title":{"rendered":"Notre Objectif"},"content":{"rendered":"<p>Permettre au plus grand nombre d&#8217;enfants malgaches d&#8217;acc\u00e9der \u00e0 des histoires dans leur langue maternelle!<\/p>\n<p>Les enfants ont besoin de livres dans leur langue maternelle.<\/p>\n<p>L&#8217;importance de la premi\u00e8re langue, ou langue maternelle, pour le d\u00e9veloppement positif des enfants a \u00e9t\u00e9 d\u00e9montr\u00e9e par de nombreuses \u00e9tudes scientifiques.<\/p>\n<p>Elle renforce non seulement le lien \u00e9motionnel avec la famille et le sentiment d&#8217;appartenance \u00e0 son groupe culturel, mais elle favorise \u00e9galement la confiance en soi. De plus, elle joue un r\u00f4le crucial dans le d\u00e9veloppement cognitif de la petite enfance, et la ma\u00eetrise de la langue maternelle constitue la base de l&#8217;apprentissage d&#8217;autres langues.<\/p>\n<p>La premi\u00e8re langue accompagne les enfants de multiples fa\u00e7ons, que ce soit \u00e0 travers le langage quotidien avec la famille et les amis, en chantant ensemble des comptines, en racontant des histoires ou en lisant des livres.<\/p>\n<p>Malheureusement, l&#8217;offre de livres pour enfants en langue malgache est tr\u00e8s limit\u00e9e, alors que ce support est justement essentiel au d\u00e9veloppement personnel des enfants. La lecture et la lecture \u00e0 haute voix favorisent non seulement le d\u00e9veloppement linguistique et les comp\u00e9tences en lecture, mais elles vont bien au-del\u00e0 : un lien positif avec le lecteur, le respect et la valorisation de sa propre culture, ainsi que la transmission de connaissances importantes, ne sont que quelques exemples des raisons pour lesquelles les enfants ont besoin de livres dans leur langue maternelle.<\/p>\n<p>Aidez-nous \u00e0 offrir au plus grand nombre d&#8217;enfants malgaches l&#8217;acc\u00e8s \u00e0 des histoires dans leur langue maternelle!<\/p>\n<p>Merci beaucoup!<\/p>\n\n\n<p><\/p>\n","protected":false},"excerpt":{"rendered":"<p>Permettre au plus grand nombre d&#8217;enfants malgaches d&#8217;acc\u00e9der \u00e0 des histoires dans leur langue maternelle! Les enfants ont besoin de &hellip;<\/p>\n","protected":false},"author":4,"featured_media":317,"parent":0,"menu_order":15,"comment_status":"closed","ping_status":"closed","template":"","meta":{"footnotes":""},"tags":[],"class_list":["post-76","page","type-page","status-publish","has-post-thumbnail","hentry"],"jetpack_sharing_enabled":true,"_links":{"self":[{"href":"https:\/\/fr.bookilety.com\/index.php?rest_route=\/wp\/v2\/pages\/76","targetHints":{"allow":["GET"]}}],"collection":[{"href":"https:\/\/fr.bookilety.com\/index.php?rest_route=\/wp\/v2\/pages"}],"about":[{"href":"https:\/\/fr.bookilety.com\/index.php?rest_route=\/wp\/v2\/types\/page"}],"author":[{"embeddable":true,"href":"https:\/\/fr.bookilety.com\/index.php?rest_route=\/wp\/v2\/users\/4"}],"replies":[{"embeddable":true,"href":"https:\/\/fr.bookilety.com\/index.php?rest_route=%2Fwp%2Fv2%2Fcomments&post=76"}],"version-history":[{"count":6,"href":"https:\/\/fr.bookilety.com\/index.php?rest_route=\/wp\/v2\/pages\/76\/revisions"}],"predecessor-version":[{"id":466,"href":"https:\/\/fr.bookilety.com\/index.php?rest_route=\/wp\/v2\/pages\/76\/revisions\/466"}],"wp:featuredmedia":[{"embeddable":true,"href":"https:\/\/fr.bookilety.com\/index.php?rest_route=\/wp\/v2\/media\/317"}],"wp:attachment":[{"href":"https:\/\/fr.bookilety.com\/index.php?rest_route=%2Fwp%2Fv2%2Fmedia&parent=76"}],"wp:term":[{"taxonomy":"post_tag","embeddable":true,"href":"https:\/\/fr.bookilety.com\/index.php?rest_route=%2Fwp%2Fv2%2Ftags&post=76"}],"curies":[{"name":"wp","href":"https:\/\/api.w.org\/{rel}","templated":true}]}}